{"id":67,"date":"2016-12-27T09:18:34","date_gmt":"2016-12-27T08:18:34","guid":{"rendered":"http:\/\/www.baumeister-zd.de\/?page_id=67"},"modified":"2016-12-27T09:18:54","modified_gmt":"2016-12-27T08:18:54","slug":"stempeluhren","status":"publish","type":"page","link":"http:\/\/www.baumeister-zd.de\/index.php\/stempeluhren\/","title":{"rendered":"Stempeluhren"},"content":{"rendered":"<h3>Zeiterfassung mit Stempeluhren und Zeitdruckern<\/h3>\n<p>Nat\u00fcrlich haben wir auch &#8222;herk\u00f6mmliche&#8220; Stempeluhren in unserem Produktportfolio. Bitte denken Sie nicht, dass Stempeluhren veraltet sind. Es werden jedes Jahr etwa 260.000 Stempeluhren hergestellt.<\/p>\n<p>Es steht eine gro\u00dfe Auswahl an verschiedenen Ger\u00e4ten zur Verf\u00fcgung.<\/p>\n<h3 style=\"text-align: center;\"><strong>Gerne beraten wir Sie!<\/strong><\/h3>\n<ul>\n<li style=\"text-align: left;\"><strong>Zeiterfassung mit Stempeluhr<\/strong><br \/>\n<img loading=\"lazy\" decoding=\"async\" class=\"wp-image-72 size-medium alignright\" src=\"http:\/\/www.try.baumeister-zd.de\/wp-content\/uploads\/2016\/11\/bx1500-229x300.jpg\" alt=\"bx1500\" width=\"229\" height=\"300\" \/>Die Einstiegsvariante ist eine Stempeluhr, welche in eine Stempellkarte mit sechs Spalten druckt. Es kann die Tagesarbeitszeit 2 mal unterbrochen werden. Hierbei handelt es meist um eine Monatskarte mit 31 Zeilen.<\/li>\n<li style=\"text-align: left;\"><strong>Zeiterfassung mit rechnender Stempeluhr<br \/>\n<img loading=\"lazy\" decoding=\"async\" class=\"size-medium wp-image-74 alignright\" src=\"http:\/\/www.try.baumeister-zd.de\/wp-content\/uploads\/2016\/11\/MX300-224x300.jpg\" alt=\"mx300\" width=\"224\" height=\"300\" \/><br \/>\n<\/strong>Diese Stempeluhren rechnen z.B. am Ende des Tages und am Ende des Monats die Arbeitszeit zusammen. <strong><br \/>\n<\/strong>Es k\u00f6nnen durch kundenspezifische Anforderungen individuelle Programmierungen vorgenommen werden. Pausen k\u00f6nnen automatisch abgezogen werden. Arbeitszeiten k\u00f6nnen in verschiedene Konten gerechnet werden.<\/li>\n<li style=\"text-align: left;\"><strong>Zeitdrucker<br \/>\n<img loading=\"lazy\" decoding=\"async\" class=\"size-medium wp-image-73 alignright\" src=\"http:\/\/www.try.baumeister-zd.de\/wp-content\/uploads\/2016\/11\/PIX200-285x300.jpg\" alt=\"pix200\" width=\"285\" height=\"300\" \/><\/strong>Zeitdrucker werden h\u00e4ufig dazu verwendet die Uhrzeit und das Datum auf schon vorhandene Formulare zu drucken (z.B. Posteingangsstempler).<br \/>\nNat\u00fcrlich gibt ea auch vorgefertigte Formulare. Bei Zeitdruckern k\u00f6nnen zus\u00e4tzlich auch individuelle Texte gedruckt werden. Weiterhin verf\u00fcgen die Zeitdrucker \u00fcber Z\u00e4hler um fortlaufende Nummern zu drucken. Viele Kombinationen sind einstellbar.<\/li>\n<\/ul>\n","protected":false},"excerpt":{"rendered":"<p>Zeiterfassung mit Stempeluhren und Zeitdruckern Nat\u00fcrlich haben wir auch &#8222;herk\u00f6mmliche&#8220; Stempeluhren in unserem Produktportfolio. Bitte denken Sie nicht, dass Stempeluhren veraltet sind. Es werden jedes Jahr etwa 260.000 Stempeluhren hergestellt. Es steht eine gro\u00dfe Auswahl an verschiedenen Ger\u00e4ten zur Verf\u00fcgung. Gerne beraten wir Sie! Zeiterfassung mit Stempeluhr Die Einstiegsvariante ist eine Stempeluhr, welche in eine &hellip; <a href=\"http:\/\/www.baumeister-zd.de\/index.php\/stempeluhren\/\" class=\"more-link\"><span class=\"screen-reader-text\">Stempeluhren<\/span> weiterlesen<\/a><\/p>\n","protected":false},"author":1,"featured_media":0,"parent":0,"menu_order":0,"comment_status":"closed","ping_status":"closed","template":"","meta":{"_themeisle_gutenberg_block_has_review":false,"footnotes":""},"class_list":["post-67","page","type-page","status-publish","hentry"],"_links":{"self":[{"href":"http:\/\/www.baumeister-zd.de\/index.php\/wp-json\/wp\/v2\/pages\/67","targetHints":{"allow":["GET"]}}],"collection":[{"href":"http:\/\/www.baumeister-zd.de\/index.php\/wp-json\/wp\/v2\/pages"}],"about":[{"href":"http:\/\/www.baumeister-zd.de\/index.php\/wp-json\/wp\/v2\/types\/page"}],"author":[{"embeddable":true,"href":"http:\/\/www.baumeister-zd.de\/index.php\/wp-json\/wp\/v2\/users\/1"}],"replies":[{"embeddable":true,"href":"http:\/\/www.baumeister-zd.de\/index.php\/wp-json\/wp\/v2\/comments?post=67"}],"version-history":[{"count":1,"href":"http:\/\/www.baumeister-zd.de\/index.php\/wp-json\/wp\/v2\/pages\/67\/revisions"}],"predecessor-version":[{"id":68,"href":"http:\/\/www.baumeister-zd.de\/index.php\/wp-json\/wp\/v2\/pages\/67\/revisions\/68"}],"wp:attachment":[{"href":"http:\/\/www.baumeister-zd.de\/index.php\/wp-json\/wp\/v2\/media?parent=67"}],"curies":[{"name":"wp","href":"https:\/\/api.w.org\/{rel}","templated":true}]}}