{"id":71,"date":"2016-12-27T09:21:06","date_gmt":"2016-12-27T08:21:06","guid":{"rendered":"http:\/\/www.baumeister-zd.de\/?page_id=71"},"modified":"2018-05-14T08:56:09","modified_gmt":"2018-05-14T06:56:09","slug":"10-argumente-fuer-eine-zentralgesteuerte-uhrenanlage","status":"publish","type":"page","link":"http:\/\/www.baumeister-zd.de\/index.php\/10-argumente-fuer-eine-zentralgesteuerte-uhrenanlage\/","title":{"rendered":"10 Argumente f\u00fcr eine zentralgesteuerte Uhrenanlage"},"content":{"rendered":"<p>1.\u00a0\u00a0 \u00a0Alle Nebenuhren werden gemeinsam von Winter- auf Sommerzeit umgestellt. Nat\u00fcrlich auch wieder zur\u00fcck.<\/p>\n<p>2.\u00a0\u00a0 \u00a0Gegen\u00fcber Synchronuhren (Steuerung \u00fcber die Netzfrequenz) und mit Batterie betriebenen Einzeluhren gibt es keine Zeitdifferenz zwischen den einzelnen zentral gef\u00fchrten Nebenuhren.<\/p>\n<p>3.\u00a0\u00a0 \u00a0Das Wechseln der leeren Batterien an den Nebenuhren entf\u00e4llt.<\/p>\n<p>4.\u00a0\u00a0 \u00a0Bei DCF-77 gesteuerten Hauptuhren gehen nat\u00fcrlich die Nebenuhren ebenfalls sekundengenau. Dies auch an den Stellen wo kein Funkempfang der Nebenuhren gew\u00e4hrleistet ist. Der Empfang des DCF-77-Signals an den Nebenuhren ist oft nicht m\u00f6glich, weil Maschinen mit starken elektromagnetischen Feldern in der N\u00e4he sind oder Leuchtstofflampen bzw. deren Vorschaltger\u00e4te den Empfang st\u00f6ren. Auch ist in R\u00e4umen ohne Fenster und starken Eisenarmierungen der Betonmauern, oder blechbewehrte W\u00e4nde, Decken und D\u00e4cher, der Empfang nicht m\u00f6glich.<\/p>\n<p>5.\u00a0\u00a0 \u00a0Die Lebensdauer von Nebenuhren betr\u00e4gt h\u00e4ufig 40 Jahre und mehr. In manchen Berieben sind Uhrwerke, welche schon seit 65 Jahren laufen, laufen, laufen&#8230;<\/p>\n<p>6.\u00a0\u00a0 \u00a0Sollte dennoch ein Nebenuhrwerk kaputt gehen, so muss meistens nicht die ganze Uhr, sondern nur das Uhrwerk ausgetauscht werden.<\/p>\n<p>7.\u00a0\u00a0 \u00a0Nebenuhren gibt es in den unterschiedlichsten Ausf\u00fchrungen und f\u00fcr alle denkbaren Umgebungen. Ballwurfsicher, wasserdicht, beleuchtet; rund, eckig; Schmuckuhren; analog, digital als LED, LCD, bipolar; u.s.w..<\/p>\n<p>8.\u00a0\u00a0 \u00a0Hauptuhren k\u00f6nnen auch an Computernetzwerke und elektronische Zeiterfassungsanlagen angeschlossen werden und diese somit sekundengenau f\u00fchren und mit den Nebenuhren synchronisieren.<\/p>\n<p>9.\u00a0\u00a0 \u00a0Die neue Generation von Hauptuhren haben keine Akkupacks mehr. Es entf\u00e4llt also der f\u00fcnfj\u00e4hrige Wechsel. Bei Stromausfall speichern diese Hauptuhren die nicht ausgesendeten Impulse. Bei Stromwiederkehr werden die Nebenuhren nachgestellt.<\/p>\n<p>10.\u00a0\u00a0 \u00a0Die Verwendung der Signalkreise der Hauptuhr zentralisiert die Steuerung von zeitabh\u00e4ngigen Schaltvorg\u00e4ngen. Hier ist auf die Ganggenauigkeit der Hauptuhr gegen\u00fcber Schaltuhren hinzuweisen. Die Argumente f\u00fcr die Nebenuhren treffen nat\u00fcrlich auch auf die Schaltuhren zu.<\/p>\n","protected":false},"excerpt":{"rendered":"<p>1.\u00a0\u00a0 \u00a0Alle Nebenuhren werden gemeinsam von Winter- auf Sommerzeit umgestellt. Nat\u00fcrlich auch wieder zur\u00fcck. 2.\u00a0\u00a0 \u00a0Gegen\u00fcber Synchronuhren (Steuerung \u00fcber die Netzfrequenz) und mit Batterie betriebenen Einzeluhren gibt es keine Zeitdifferenz zwischen den einzelnen zentral gef\u00fchrten Nebenuhren. 3.\u00a0\u00a0 \u00a0Das Wechseln der leeren Batterien an den Nebenuhren entf\u00e4llt. 4.\u00a0\u00a0 \u00a0Bei DCF-77 gesteuerten Hauptuhren gehen nat\u00fcrlich die Nebenuhren &hellip; <a href=\"http:\/\/www.baumeister-zd.de\/index.php\/10-argumente-fuer-eine-zentralgesteuerte-uhrenanlage\/\" class=\"more-link\"><span class=\"screen-reader-text\">10 Argumente f\u00fcr eine zentralgesteuerte Uhrenanlage<\/span> weiterlesen<\/a><\/p>\n","protected":false},"author":1,"featured_media":0,"parent":0,"menu_order":0,"comment_status":"closed","ping_status":"closed","template":"","meta":{"_themeisle_gutenberg_block_has_review":false,"footnotes":""},"class_list":["post-71","page","type-page","status-publish","hentry"],"_links":{"self":[{"href":"http:\/\/www.baumeister-zd.de\/index.php\/wp-json\/wp\/v2\/pages\/71","targetHints":{"allow":["GET"]}}],"collection":[{"href":"http:\/\/www.baumeister-zd.de\/index.php\/wp-json\/wp\/v2\/pages"}],"about":[{"href":"http:\/\/www.baumeister-zd.de\/index.php\/wp-json\/wp\/v2\/types\/page"}],"author":[{"embeddable":true,"href":"http:\/\/www.baumeister-zd.de\/index.php\/wp-json\/wp\/v2\/users\/1"}],"replies":[{"embeddable":true,"href":"http:\/\/www.baumeister-zd.de\/index.php\/wp-json\/wp\/v2\/comments?post=71"}],"version-history":[{"count":1,"href":"http:\/\/www.baumeister-zd.de\/index.php\/wp-json\/wp\/v2\/pages\/71\/revisions"}],"predecessor-version":[{"id":72,"href":"http:\/\/www.baumeister-zd.de\/index.php\/wp-json\/wp\/v2\/pages\/71\/revisions\/72"}],"wp:attachment":[{"href":"http:\/\/www.baumeister-zd.de\/index.php\/wp-json\/wp\/v2\/media?parent=71"}],"curies":[{"name":"wp","href":"https:\/\/api.w.org\/{rel}","templated":true}]}}